{"id":5733,"date":"2025-05-21T06:25:09","date_gmt":"2025-05-21T11:25:09","guid":{"rendered":"https:\/\/javiererasoortodoncia.com\/?page_id=5733"},"modified":"2025-05-21T06:53:40","modified_gmt":"2025-05-21T11:53:40","slug":"valoracion-de-ortodoncia-en-pasto","status":"publish","type":"page","link":"https:\/\/javiererasoortodoncia.com\/en\/valoracion-de-ortodoncia-en-pasto\/","title":{"rendered":"Valoraci\u00f3n de Ortodoncia en Pasto"},"content":{"rendered":"<div data-elementor-type=\"wp-page\" data-elementor-id=\"5733\" class=\"elementor elementor-5733\" data-elementor-post-type=\"page\">\n\t\t\t\t\t\t<section class=\"elementor-section elementor-top-section elementor-element elementor-element-9250d09 elementor-section-boxed elementor-section-height-default elementor-section-height-default\" data-id=\"9250d09\" data-element_type=\"section\" data-e-type=\"section\">\n\t\t\t\t\t\t<div class=\"elementor-container elementor-column-gap-default\">\n\t\t\t\t\t<div class=\"elementor-column elementor-col-100 elementor-top-column elementor-element elementor-element-548ee81\" data-id=\"548ee81\" data-element_type=\"column\" data-e-type=\"column\">\n\t\t\t<div class=\"elementor-widget-wrap elementor-element-populated\">\n\t\t\t\t\t\t<div class=\"elementor-element elementor-element-83077bd elementor-widget elementor-widget-image\" data-id=\"83077bd\" data-element_type=\"widget\" data-e-type=\"widget\" data-widget_type=\"image.default\">\n\t\t\t\t<div class=\"elementor-widget-container\">\n\t\t\t\t\t\t\t\t\t\t\t\t\t\t\t<img decoding=\"async\" width=\"180\" height=\"60\" src=\"https:\/\/javiererasoortodoncia.com\/wp-content\/uploads\/2023\/01\/cropped-logo-1-1-1.jpg\" class=\"attachment-large size-large wp-image-4853\" alt=\"Ortodoncia en Pasto\" srcset=\"https:\/\/javiererasoortodoncia.com\/wp-content\/uploads\/2023\/01\/cropped-logo-1-1-1.jpg 180w, https:\/\/javiererasoortodoncia.com\/wp-content\/uploads\/2023\/01\/cropped-logo-1-1-1-18x6.jpg 18w\" sizes=\"(max-width: 180px) 100vw, 180px\" \/>\t\t\t\t\t\t\t\t\t\t\t\t\t\t\t<\/div>\n\t\t\t\t<\/div>\n\t\t\t\t\t<\/div>\n\t\t<\/div>\n\t\t\t\t\t<\/div>\n\t\t<\/section>\n\t\t\t\t<section class=\"elementor-section elementor-top-section elementor-element elementor-element-f3fa856 elementor-section-boxed elementor-section-height-default elementor-section-height-default\" data-id=\"f3fa856\" data-element_type=\"section\" data-e-type=\"section\">\n\t\t\t\t\t\t<div class=\"elementor-container elementor-column-gap-default\">\n\t\t\t\t\t<div class=\"elementor-column elementor-col-100 elementor-top-column elementor-element elementor-element-cc10bed\" data-id=\"cc10bed\" data-element_type=\"column\" data-e-type=\"column\">\n\t\t\t<div class=\"elementor-widget-wrap elementor-element-populated\">\n\t\t\t\t\t\t<div class=\"elementor-element elementor-element-6a31d51 elementor-widget elementor-widget-heading\" data-id=\"6a31d51\" data-element_type=\"widget\" data-e-type=\"widget\" data-widget_type=\"heading.default\">\n\t\t\t\t<div class=\"elementor-widget-container\">\n\t\t\t\t\t<h1 class=\"elementor-heading-title elementor-size-default\">Valoraci\u00f3n de Ortodoncia en Pasto<\/h1>\t\t\t\t<\/div>\n\t\t\t\t<\/div>\n\t\t\t\t<div class=\"elementor-element elementor-element-12d86ac elementor-widget elementor-widget-heading\" data-id=\"12d86ac\" data-element_type=\"widget\" data-e-type=\"widget\" data-widget_type=\"heading.default\">\n\t\t\t\t<div class=\"elementor-widget-container\">\n\t\t\t\t\t<h2 class=\"elementor-heading-title elementor-size-default\">Si buscas una valoraci\u00f3n \u201cgratuita\u201d, no es aqu\u00ed. Pero si quieres diagn\u00f3stico real con fotos, an\u00e1lisis y plan de tratamiento claro, est\u00e1s en el lugar correcto.<\/h2>\t\t\t\t<\/div>\n\t\t\t\t<\/div>\n\t\t\t\t<div class=\"elementor-element elementor-element-8479ff5 elementor-align-center elementor-widget elementor-widget-button\" data-id=\"8479ff5\" data-element_type=\"widget\" data-e-type=\"widget\" data-widget_type=\"button.default\">\n\t\t\t\t<div class=\"elementor-widget-container\">\n\t\t\t\t\t\t\t\t\t<div class=\"elementor-button-wrapper\">\n\t\t\t\t\t<a class=\"elementor-button elementor-button-link elementor-size-sm\" href=\"#\">\n\t\t\t\t\t\t<span class=\"elementor-button-content-wrapper\">\n\t\t\t\t\t\t\t\t\t<span class=\"elementor-button-text\">Agendar mi valoraci\u00f3n<\/span>\n\t\t\t\t\t<\/span>\n\t\t\t\t\t<\/a>\n\t\t\t\t<\/div>\n\t\t\t\t\t\t\t\t<\/div>\n\t\t\t\t<\/div>\n\t\t\t\t\t<\/div>\n\t\t<\/div>\n\t\t\t\t\t<\/div>\n\t\t<\/section>\n\t\t\t\t<\/div>","protected":false},"excerpt":{"rendered":"<p>Valoraci\u00f3n de Ortodoncia en Pasto Si buscas una valoraci\u00f3n \u201cgratuita\u201d, no es aqu\u00ed. Pero si quieres diagn\u00f3stico real con fotos, an\u00e1lisis y plan de tratamiento claro, est\u00e1s en el lugar correcto. Agendar mi valoraci\u00f3n<\/p>","protected":false},"author":1,"featured_media":0,"parent":0,"menu_order":0,"comment_status":"closed","ping_status":"closed","template":"elementor_canvas","meta":{"site-sidebar-layout":"no-sidebar","site-content-layout":"page-builder","ast-site-content-layout":"full-width-container","site-content-style":"unboxed","site-sidebar-style":"unboxed","ast-global-header-display":"","ast-banner-title-visibility":"","ast-main-header-display":"","ast-hfb-above-header-display":"","ast-hfb-below-header-display":"","ast-hfb-mobile-header-display":"","site-post-title":"disabled","ast-breadcrumbs-content":"","ast-featured-img":"disabled","footer-sml-layout":"","ast-disable-related-posts":"","theme-transparent-header-meta":"","adv-header-id-meta":"","stick-header-meta":"","header-above-stick-meta":"","header-main-stick-meta":"","header-below-stick-meta":"","astra-migrate-meta-layouts":"set","ast-page-background-enabled":"default","ast-page-background-meta":{"desktop":{"background-color":"var(--ast-global-color-4)","background-image":"","background-repeat":"repeat","background-position":"center center","background-size":"auto","background-attachment":"scroll","background-type":"","background-media":"","overlay-type":"","overlay-color":"","overlay-opacity":"","overlay-gradient":""},"tablet":{"background-color":"","background-image":"","background-repeat":"repeat","background-position":"center center","background-size":"auto","background-attachment":"scroll","background-type":"","background-media":"","overlay-type":"","overlay-color":"","overlay-opacity":"","overlay-gradient":""},"mobile":{"background-color":"","background-image":"","background-repeat":"repeat","background-position":"center center","background-size":"auto","background-attachment":"scroll","background-type":"","background-media":"","overlay-type":"","overlay-color":"","overlay-opacity":"","overlay-gradient":""}},"ast-content-background-meta":{"desktop":{"background-color":"var(--ast-global-color-5)","background-image":"","background-repeat":"repeat","background-position":"center center","background-size":"auto","background-attachment":"scroll","background-type":"","background-media":"","overlay-type":"","overlay-color":"","overlay-opacity":"","overlay-gradient":""},"tablet":{"background-color":"var(--ast-global-color-5)","background-image":"","background-repeat":"repeat","background-position":"center center","background-size":"auto","background-attachment":"scroll","background-type":"","background-media":"","overlay-type":"","overlay-color":"","overlay-opacity":"","overlay-gradient":""},"mobile":{"background-color":"var(--ast-global-color-5)","background-image":"","background-repeat":"repeat","background-position":"center center","background-size":"auto","background-attachment":"scroll","background-type":"","background-media":"","overlay-type":"","overlay-color":"","overlay-opacity":"","overlay-gradient":""}},"footnotes":""},"class_list":["post-5733","page","type-page","status-publish","hentry"],"yoast_head":"<!-- This site is optimized with the Yoast SEO plugin v27.6 - https:\/\/yoast.com\/product\/yoast-seo-wordpress\/ -->\n<title>Valoraci\u00f3n de Ortodoncia en Pasto - Javier Eraso Ortodoncia<\/title>\n<meta name=\"robots\" content=\"index, follow, max-snippet:-1, max-image-preview:large, max-video-preview:-1\" \/>\n<link rel=\"canonical\" href=\"https:\/\/javiererasoortodoncia.com\/en\/valoracion-de-ortodoncia-en-pasto\/\" \/>\n<meta property=\"og:locale\" content=\"en_US\" \/>\n<meta property=\"og:type\" content=\"article\" \/>\n<meta property=\"og:title\" content=\"Valoraci\u00f3n de Ortodoncia en Pasto - Javier Eraso Ortodoncia\" \/>\n<meta property=\"og:description\" content=\"Valoraci\u00f3n de Ortodoncia en Pasto Si buscas una valoraci\u00f3n \u201cgratuita\u201d, no es aqu\u00ed. Pero si quieres diagn\u00f3stico real con fotos, an\u00e1lisis y plan de tratamiento claro, est\u00e1s en el lugar correcto. Agendar mi valoraci\u00f3n\" \/>\n<meta property=\"og:url\" content=\"https:\/\/javiererasoortodoncia.com\/en\/valoracion-de-ortodoncia-en-pasto\/\" \/>\n<meta property=\"og:site_name\" content=\"Javier Eraso Ortodoncia\" \/>\n<meta property=\"article:modified_time\" content=\"2025-05-21T11:53:40+00:00\" \/>\n<meta property=\"og:image\" content=\"https:\/\/javiererasoortodoncia.com\/wp-content\/uploads\/2023\/01\/cropped-logo-1-1-1.jpg\" \/>\n\t<meta property=\"og:image:width\" content=\"180\" \/>\n\t<meta property=\"og:image:height\" content=\"60\" \/>\n\t<meta property=\"og:image:type\" content=\"image\/jpeg\" \/>\n<meta name=\"twitter:card\" content=\"summary_large_image\" \/>\n<meta name=\"twitter:label1\" content=\"Est. reading time\" \/>\n\t<meta name=\"twitter:data1\" content=\"1 minute\" \/>\n<script type=\"application\/ld+json\" class=\"yoast-schema-graph\">{\"@context\":\"https:\\\/\\\/schema.org\",\"@graph\":[{\"@type\":\"WebPage\",\"@id\":\"https:\\\/\\\/javiererasoortodoncia.com\\\/valoracion-de-ortodoncia-en-pasto\\\/\",\"url\":\"https:\\\/\\\/javiererasoortodoncia.com\\\/valoracion-de-ortodoncia-en-pasto\\\/\",\"name\":\"Valoraci\u00f3n de Ortodoncia en Pasto - Javier Eraso Ortodoncia\",\"isPartOf\":{\"@id\":\"https:\\\/\\\/javiererasoortodoncia.com\\\/#website\"},\"primaryImageOfPage\":{\"@id\":\"https:\\\/\\\/javiererasoortodoncia.com\\\/valoracion-de-ortodoncia-en-pasto\\\/#primaryimage\"},\"image\":{\"@id\":\"https:\\\/\\\/javiererasoortodoncia.com\\\/valoracion-de-ortodoncia-en-pasto\\\/#primaryimage\"},\"thumbnailUrl\":\"https:\\\/\\\/javiererasoortodoncia.com\\\/wp-content\\\/uploads\\\/2023\\\/01\\\/cropped-logo-1-1-1.jpg\",\"datePublished\":\"2025-05-21T11:25:09+00:00\",\"dateModified\":\"2025-05-21T11:53:40+00:00\",\"breadcrumb\":{\"@id\":\"https:\\\/\\\/javiererasoortodoncia.com\\\/valoracion-de-ortodoncia-en-pasto\\\/#breadcrumb\"},\"inLanguage\":\"en-US\",\"potentialAction\":[{\"@type\":\"ReadAction\",\"target\":[\"https:\\\/\\\/javiererasoortodoncia.com\\\/valoracion-de-ortodoncia-en-pasto\\\/\"]}]},{\"@type\":\"ImageObject\",\"inLanguage\":\"en-US\",\"@id\":\"https:\\\/\\\/javiererasoortodoncia.com\\\/valoracion-de-ortodoncia-en-pasto\\\/#primaryimage\",\"url\":\"https:\\\/\\\/javiererasoortodoncia.com\\\/wp-content\\\/uploads\\\/2023\\\/01\\\/cropped-logo-1-1-1.jpg\",\"contentUrl\":\"https:\\\/\\\/javiererasoortodoncia.com\\\/wp-content\\\/uploads\\\/2023\\\/01\\\/cropped-logo-1-1-1.jpg\"},{\"@type\":\"BreadcrumbList\",\"@id\":\"https:\\\/\\\/javiererasoortodoncia.com\\\/valoracion-de-ortodoncia-en-pasto\\\/#breadcrumb\",\"itemListElement\":[{\"@type\":\"ListItem\",\"position\":1,\"name\":\"Portada\",\"item\":\"https:\\\/\\\/javiererasoortodoncia.com\\\/\"},{\"@type\":\"ListItem\",\"position\":2,\"name\":\"Valoraci\u00f3n de Ortodoncia en Pasto\"}]},{\"@type\":\"WebSite\",\"@id\":\"https:\\\/\\\/javiererasoortodoncia.com\\\/#website\",\"url\":\"https:\\\/\\\/javiererasoortodoncia.com\\\/\",\"name\":\"Javier Eraso Ortodoncia\",\"description\":\"Servicio en Ortodoncia\",\"publisher\":{\"@id\":\"https:\\\/\\\/javiererasoortodoncia.com\\\/#\\\/schema\\\/person\\\/7de0629e5431e09524a338925596a751\"},\"potentialAction\":[{\"@type\":\"SearchAction\",\"target\":{\"@type\":\"EntryPoint\",\"urlTemplate\":\"https:\\\/\\\/javiererasoortodoncia.com\\\/?s={search_term_string}\"},\"query-input\":{\"@type\":\"PropertyValueSpecification\",\"valueRequired\":true,\"valueName\":\"search_term_string\"}}],\"inLanguage\":\"en-US\"},{\"@type\":[\"Person\",\"Organization\"],\"@id\":\"https:\\\/\\\/javiererasoortodoncia.com\\\/#\\\/schema\\\/person\\\/7de0629e5431e09524a338925596a751\",\"name\":\"Javier Eraso\",\"image\":{\"@type\":\"ImageObject\",\"inLanguage\":\"en-US\",\"@id\":\"https:\\\/\\\/javiererasoortodoncia.com\\\/wp-content\\\/uploads\\\/2023\\\/01\\\/cropped-LOGO-DIENTE-512X512-1-2.png\",\"url\":\"https:\\\/\\\/javiererasoortodoncia.com\\\/wp-content\\\/uploads\\\/2023\\\/01\\\/cropped-LOGO-DIENTE-512X512-1-2.png\",\"contentUrl\":\"https:\\\/\\\/javiererasoortodoncia.com\\\/wp-content\\\/uploads\\\/2023\\\/01\\\/cropped-LOGO-DIENTE-512X512-1-2.png\",\"width\":512,\"height\":512,\"caption\":\"Javier Eraso\"},\"logo\":{\"@id\":\"https:\\\/\\\/javiererasoortodoncia.com\\\/wp-content\\\/uploads\\\/2023\\\/01\\\/cropped-LOGO-DIENTE-512X512-1-2.png\"},\"description\":\"Ortodoncista\",\"sameAs\":[\"https:\\\/\\\/javiererasoortodoncia.com\"]}]}<\/script>\n<!-- \/ Yoast SEO plugin. -->","yoast_head_json":{"title":"Valoraci\u00f3n de Ortodoncia en Pasto - Javier Eraso Ortodoncia","robots":{"index":"index","follow":"follow","max-snippet":"max-snippet:-1","max-image-preview":"max-image-preview:large","max-video-preview":"max-video-preview:-1"},"canonical":"https:\/\/javiererasoortodoncia.com\/en\/valoracion-de-ortodoncia-en-pasto\/","og_locale":"en_US","og_type":"article","og_title":"Valoraci\u00f3n de Ortodoncia en Pasto - Javier Eraso Ortodoncia","og_description":"Valoraci\u00f3n de Ortodoncia en Pasto Si buscas una valoraci\u00f3n \u201cgratuita\u201d, no es aqu\u00ed. Pero si quieres diagn\u00f3stico real con fotos, an\u00e1lisis y plan de tratamiento claro, est\u00e1s en el lugar correcto. Agendar mi valoraci\u00f3n","og_url":"https:\/\/javiererasoortodoncia.com\/en\/valoracion-de-ortodoncia-en-pasto\/","og_site_name":"Javier Eraso Ortodoncia","article_modified_time":"2025-05-21T11:53:40+00:00","og_image":[{"width":180,"height":60,"url":"https:\/\/javiererasoortodoncia.com\/wp-content\/uploads\/2023\/01\/cropped-logo-1-1-1.jpg","type":"image\/jpeg"}],"twitter_card":"summary_large_image","twitter_misc":{"Est. reading time":"1 minute"},"schema":{"@context":"https:\/\/schema.org","@graph":[{"@type":"WebPage","@id":"https:\/\/javiererasoortodoncia.com\/valoracion-de-ortodoncia-en-pasto\/","url":"https:\/\/javiererasoortodoncia.com\/valoracion-de-ortodoncia-en-pasto\/","name":"Valoraci\u00f3n de Ortodoncia en Pasto - Javier Eraso Ortodoncia","isPartOf":{"@id":"https:\/\/javiererasoortodoncia.com\/#website"},"primaryImageOfPage":{"@id":"https:\/\/javiererasoortodoncia.com\/valoracion-de-ortodoncia-en-pasto\/#primaryimage"},"image":{"@id":"https:\/\/javiererasoortodoncia.com\/valoracion-de-ortodoncia-en-pasto\/#primaryimage"},"thumbnailUrl":"https:\/\/javiererasoortodoncia.com\/wp-content\/uploads\/2023\/01\/cropped-logo-1-1-1.jpg","datePublished":"2025-05-21T11:25:09+00:00","dateModified":"2025-05-21T11:53:40+00:00","breadcrumb":{"@id":"https:\/\/javiererasoortodoncia.com\/valoracion-de-ortodoncia-en-pasto\/#breadcrumb"},"inLanguage":"en-US","potentialAction":[{"@type":"ReadAction","target":["https:\/\/javiererasoortodoncia.com\/valoracion-de-ortodoncia-en-pasto\/"]}]},{"@type":"ImageObject","inLanguage":"en-US","@id":"https:\/\/javiererasoortodoncia.com\/valoracion-de-ortodoncia-en-pasto\/#primaryimage","url":"https:\/\/javiererasoortodoncia.com\/wp-content\/uploads\/2023\/01\/cropped-logo-1-1-1.jpg","contentUrl":"https:\/\/javiererasoortodoncia.com\/wp-content\/uploads\/2023\/01\/cropped-logo-1-1-1.jpg"},{"@type":"BreadcrumbList","@id":"https:\/\/javiererasoortodoncia.com\/valoracion-de-ortodoncia-en-pasto\/#breadcrumb","itemListElement":[{"@type":"ListItem","position":1,"name":"Portada","item":"https:\/\/javiererasoortodoncia.com\/"},{"@type":"ListItem","position":2,"name":"Valoraci\u00f3n de Ortodoncia en Pasto"}]},{"@type":"WebSite","@id":"https:\/\/javiererasoortodoncia.com\/#website","url":"https:\/\/javiererasoortodoncia.com\/","name":"Javier Eraso Ortodoncia","description":"Servicio en Ortodoncia","publisher":{"@id":"https:\/\/javiererasoortodoncia.com\/#\/schema\/person\/7de0629e5431e09524a338925596a751"},"potentialAction":[{"@type":"SearchAction","target":{"@type":"EntryPoint","urlTemplate":"https:\/\/javiererasoortodoncia.com\/?s={search_term_string}"},"query-input":{"@type":"PropertyValueSpecification","valueRequired":true,"valueName":"search_term_string"}}],"inLanguage":"en-US"},{"@type":["Person","Organization"],"@id":"https:\/\/javiererasoortodoncia.com\/#\/schema\/person\/7de0629e5431e09524a338925596a751","name":"Javier Eraso","image":{"@type":"ImageObject","inLanguage":"en-US","@id":"https:\/\/javiererasoortodoncia.com\/wp-content\/uploads\/2023\/01\/cropped-LOGO-DIENTE-512X512-1-2.png","url":"https:\/\/javiererasoortodoncia.com\/wp-content\/uploads\/2023\/01\/cropped-LOGO-DIENTE-512X512-1-2.png","contentUrl":"https:\/\/javiererasoortodoncia.com\/wp-content\/uploads\/2023\/01\/cropped-LOGO-DIENTE-512X512-1-2.png","width":512,"height":512,"caption":"Javier Eraso"},"logo":{"@id":"https:\/\/javiererasoortodoncia.com\/wp-content\/uploads\/2023\/01\/cropped-LOGO-DIENTE-512X512-1-2.png"},"description":"Orthodontist","sameAs":["https:\/\/javiererasoortodoncia.com"]}]}},"_links":{"self":[{"href":"https:\/\/javiererasoortodoncia.com\/en\/wp-json\/wp\/v2\/pages\/5733","targetHints":{"allow":["GET"]}}],"collection":[{"href":"https:\/\/javiererasoortodoncia.com\/en\/wp-json\/wp\/v2\/pages"}],"about":[{"href":"https:\/\/javiererasoortodoncia.com\/en\/wp-json\/wp\/v2\/types\/page"}],"author":[{"embeddable":true,"href":"https:\/\/javiererasoortodoncia.com\/en\/wp-json\/wp\/v2\/users\/1"}],"replies":[{"embeddable":true,"href":"https:\/\/javiererasoortodoncia.com\/en\/wp-json\/wp\/v2\/comments?post=5733"}],"version-history":[{"count":16,"href":"https:\/\/javiererasoortodoncia.com\/en\/wp-json\/wp\/v2\/pages\/5733\/revisions"}],"predecessor-version":[{"id":5752,"href":"https:\/\/javiererasoortodoncia.com\/en\/wp-json\/wp\/v2\/pages\/5733\/revisions\/5752"}],"wp:attachment":[{"href":"https:\/\/javiererasoortodoncia.com\/en\/wp-json\/wp\/v2\/media?parent=5733"}],"curies":[{"name":"wp","href":"https:\/\/api.w.org\/{rel}","templated":true}]}}