{"id":2572,"date":"2024-04-15T09:11:55","date_gmt":"2024-04-15T14:11:55","guid":{"rendered":"https:\/\/javiererasoortodoncia.com\/?page_id=2572"},"modified":"2024-04-15T09:11:57","modified_gmt":"2024-04-15T14:11:57","slug":"gracias","status":"publish","type":"page","link":"https:\/\/javiererasoortodoncia.com\/en\/gracias\/","title":{"rendered":"Gracias"},"content":{"rendered":"<div data-elementor-type=\"wp-page\" data-elementor-id=\"2572\" class=\"elementor elementor-2572\" data-elementor-post-type=\"page\">\n\t\t\t\t\t\t<section class=\"elementor-section elementor-top-section elementor-element elementor-element-73c2ec3 elementor-section-full_width elementor-section-height-min-height elementor-section-height-default elementor-section-items-middle\" data-id=\"73c2ec3\" data-element_type=\"section\" data-e-type=\"section\" data-settings=\"{&quot;background_background&quot;:&quot;classic&quot;}\">\n\t\t\t\t\t\t<div class=\"elementor-container elementor-column-gap-no\">\n\t\t\t\t\t<div class=\"elementor-column elementor-col-33 elementor-top-column elementor-element elementor-element-b58a40b\" data-id=\"b58a40b\" data-element_type=\"column\" data-e-type=\"column\">\n\t\t\t<div class=\"elementor-widget-wrap\">\n\t\t\t\t\t\t\t<\/div>\n\t\t<\/div>\n\t\t\t\t<div class=\"elementor-column elementor-col-33 elementor-top-column elementor-element elementor-element-6faf655\" data-id=\"6faf655\" data-element_type=\"column\" data-e-type=\"column\">\n\t\t\t<div class=\"elementor-widget-wrap elementor-element-populated\">\n\t\t\t\t\t\t<div class=\"elementor-element elementor-element-bd8c10c elementor-widget elementor-widget-image\" data-id=\"bd8c10c\" data-element_type=\"widget\" data-e-type=\"widget\" data-widget_type=\"image.default\">\n\t\t\t\t<div class=\"elementor-widget-container\">\n\t\t\t\t\t\t\t\t\t\t\t\t\t\t\t<img decoding=\"async\" width=\"18\" height=\"5\" src=\"https:\/\/javiererasoortodoncia.com\/wp-content\/uploads\/2024\/04\/LOGO-HC-DIGITAL.001-e1712333832779.png\" class=\"attachment-trp-custom-language-flag size-trp-custom-language-flag wp-image-2223\" alt=\"\" srcset=\"https:\/\/javiererasoortodoncia.com\/wp-content\/uploads\/2024\/04\/LOGO-HC-DIGITAL.001-e1712333832779.png 1523w, https:\/\/javiererasoortodoncia.com\/wp-content\/uploads\/2024\/04\/LOGO-HC-DIGITAL.001-e1712333832779-300x77.png 300w, https:\/\/javiererasoortodoncia.com\/wp-content\/uploads\/2024\/04\/LOGO-HC-DIGITAL.001-e1712333832779-1024x262.png 1024w, https:\/\/javiererasoortodoncia.com\/wp-content\/uploads\/2024\/04\/LOGO-HC-DIGITAL.001-e1712333832779-768x197.png 768w\" sizes=\"(max-width: 18px) 100vw, 18px\" \/>\t\t\t\t\t\t\t\t\t\t\t\t\t\t\t<\/div>\n\t\t\t\t<\/div>\n\t\t\t\t\t<\/div>\n\t\t<\/div>\n\t\t\t\t<div class=\"elementor-column elementor-col-33 elementor-top-column elementor-element elementor-element-bb6c84d\" data-id=\"bb6c84d\" data-element_type=\"column\" data-e-type=\"column\">\n\t\t\t<div class=\"elementor-widget-wrap\">\n\t\t\t\t\t\t\t<\/div>\n\t\t<\/div>\n\t\t\t\t\t<\/div>\n\t\t<\/section>\n\t\t\t\t<section class=\"elementor-section elementor-top-section elementor-element elementor-element-83a164b elementor-section-height-full elementor-section-boxed elementor-section-height-default elementor-section-items-middle\" data-id=\"83a164b\" data-element_type=\"section\" data-e-type=\"section\" data-settings=\"{&quot;background_background&quot;:&quot;classic&quot;}\">\n\t\t\t\t\t\t<div class=\"elementor-container elementor-column-gap-default\">\n\t\t\t\t\t<div class=\"elementor-column elementor-col-100 elementor-top-column elementor-element elementor-element-6eec60c\" data-id=\"6eec60c\" data-element_type=\"column\" data-e-type=\"column\">\n\t\t\t<div class=\"elementor-widget-wrap elementor-element-populated\">\n\t\t\t\t\t\t<div class=\"elementor-element elementor-element-3dbb746 elementor-widget elementor-widget-heading\" data-id=\"3dbb746\" data-element_type=\"widget\" data-e-type=\"widget\" data-widget_type=\"heading.default\">\n\t\t\t\t<div class=\"elementor-widget-container\">\n\t\t\t\t\t<h2 class=\"elementor-heading-title elementor-size-default\">TU <span style=\"color: #F8B500\"> HISTORIA <\/span> CLINICA A SIDO GUARDADA\nCON <span style=\"color: #00ADB5\"> EXITO <\/span><\/h2>\t\t\t\t<\/div>\n\t\t\t\t<\/div>\n\t\t\t\t<div class=\"elementor-element elementor-element-75350f4 elementor-widget elementor-widget-text-editor\" data-id=\"75350f4\" data-element_type=\"widget\" data-e-type=\"widget\" data-widget_type=\"text-editor.default\">\n\t\t\t\t<div class=\"elementor-widget-container\">\n\t\t\t\t\t\t\t\t\t<p class=\"p1\">En un plazo m\u00e1ximo de 24 horas recibir\u00e1s en el correo electr\u00f3nico el cual diligenciaste en el formulario la Historia cl\u00ednica y el plan de tratamiento potenciado por IA.<\/p>\t\t\t\t\t\t\t\t<\/div>\n\t\t\t\t<\/div>\n\t\t\t\t<div class=\"elementor-element elementor-element-2ec59a8 elementor-widget elementor-widget-image\" data-id=\"2ec59a8\" data-element_type=\"widget\" data-e-type=\"widget\" data-widget_type=\"image.default\">\n\t\t\t\t<div class=\"elementor-widget-container\">\n\t\t\t\t\t\t\t\t\t\t\t\t\t\t\t<img fetchpriority=\"high\" decoding=\"async\" width=\"1024\" height=\"527\" src=\"https:\/\/javiererasoortodoncia.com\/wp-content\/uploads\/2024\/04\/HC-1.001-e1712344719752-1024x527.png\" class=\"attachment-large size-large wp-image-2349\" alt=\"\" srcset=\"https:\/\/javiererasoortodoncia.com\/wp-content\/uploads\/2024\/04\/HC-1.001-e1712344719752-1024x527.png 1024w, https:\/\/javiererasoortodoncia.com\/wp-content\/uploads\/2024\/04\/HC-1.001-e1712344719752-300x154.png 300w, https:\/\/javiererasoortodoncia.com\/wp-content\/uploads\/2024\/04\/HC-1.001-e1712344719752-768x395.png 768w, https:\/\/javiererasoortodoncia.com\/wp-content\/uploads\/2024\/04\/HC-1.001-e1712344719752-1536x791.png 1536w, https:\/\/javiererasoortodoncia.com\/wp-content\/uploads\/2024\/04\/HC-1.001-e1712344719752-18x9.png 18w, https:\/\/javiererasoortodoncia.com\/wp-content\/uploads\/2024\/04\/HC-1.001-e1712344719752.png 1820w\" sizes=\"(max-width: 1024px) 100vw, 1024px\" \/>\t\t\t\t\t\t\t\t\t\t\t\t\t\t\t<\/div>\n\t\t\t\t<\/div>\n\t\t\t\t\t<\/div>\n\t\t<\/div>\n\t\t\t\t\t<\/div>\n\t\t<\/section>\n\t\t\t\t<\/div>","protected":false},"excerpt":{"rendered":"<p>TU HISTORIA CLINICA A SIDO GUARDADA CON EXITO En un plazo m\u00e1ximo de 24 horas recibir\u00e1s en el correo electr\u00f3nico el cual diligenciaste en el formulario la Historia cl\u00ednica y el plan de tratamiento potenciado por IA.<\/p>","protected":false},"author":1,"featured_media":0,"parent":0,"menu_order":0,"comment_status":"closed","ping_status":"closed","template":"elementor_canvas","meta":{"site-sidebar-layout":"no-sidebar","site-content-layout":"page-builder","ast-site-content-layout":"full-width-container","site-content-style":"default","site-sidebar-style":"default","ast-global-header-display":"","ast-banner-title-visibility":"","ast-main-header-display":"","ast-hfb-above-header-display":"","ast-hfb-below-header-display":"","ast-hfb-mobile-header-display":"","site-post-title":"disabled","ast-breadcrumbs-content":"","ast-featured-img":"disabled","footer-sml-layout":"","ast-disable-related-posts":"","theme-transparent-header-meta":"","adv-header-id-meta":"","stick-header-meta":"","header-above-stick-meta":"","header-main-stick-meta":"","header-below-stick-meta":"","astra-migrate-meta-layouts":"set","ast-page-background-enabled":"default","ast-page-background-meta":{"desktop":{"background-color":"var(--ast-global-color-4)","background-image":"","background-repeat":"repeat","background-position":"center center","background-size":"auto","background-attachment":"scroll","background-type":"","background-media":"","overlay-type":"","overlay-color":"","overlay-opacity":"","overlay-gradient":""},"tablet":{"background-color":"","background-image":"","background-repeat":"repeat","background-position":"center center","background-size":"auto","background-attachment":"scroll","background-type":"","background-media":"","overlay-type":"","overlay-color":"","overlay-opacity":"","overlay-gradient":""},"mobile":{"background-color":"","background-image":"","background-repeat":"repeat","background-position":"center center","background-size":"auto","background-attachment":"scroll","background-type":"","background-media":"","overlay-type":"","overlay-color":"","overlay-opacity":"","overlay-gradient":""}},"ast-content-background-meta":{"desktop":{"background-color":"var(--ast-global-color-5)","background-image":"","background-repeat":"repeat","background-position":"center center","background-size":"auto","background-attachment":"scroll","background-type":"","background-media":"","overlay-type":"","overlay-color":"","overlay-opacity":"","overlay-gradient":""},"tablet":{"background-color":"var(--ast-global-color-5)","background-image":"","background-repeat":"repeat","background-position":"center center","background-size":"auto","background-attachment":"scroll","background-type":"","background-media":"","overlay-type":"","overlay-color":"","overlay-opacity":"","overlay-gradient":""},"mobile":{"background-color":"var(--ast-global-color-5)","background-image":"","background-repeat":"repeat","background-position":"center center","background-size":"auto","background-attachment":"scroll","background-type":"","background-media":"","overlay-type":"","overlay-color":"","overlay-opacity":"","overlay-gradient":""}},"footnotes":""},"class_list":["post-2572","page","type-page","status-publish","hentry"],"yoast_head":"<!-- This site is optimized with the Yoast SEO plugin v27.6 - https:\/\/yoast.com\/product\/yoast-seo-wordpress\/ -->\n<title>Gracias - Javier Eraso Ortodoncia<\/title>\n<meta name=\"robots\" content=\"index, follow, max-snippet:-1, max-image-preview:large, max-video-preview:-1\" \/>\n<link rel=\"canonical\" href=\"https:\/\/javiererasoortodoncia.com\/en\/gracias\/\" \/>\n<meta property=\"og:locale\" content=\"en_US\" \/>\n<meta property=\"og:type\" content=\"article\" \/>\n<meta property=\"og:title\" content=\"Gracias - Javier Eraso Ortodoncia\" \/>\n<meta property=\"og:description\" content=\"TU HISTORIA CLINICA A SIDO GUARDADA CON EXITO En un plazo m\u00e1ximo de 24 horas recibir\u00e1s en el correo electr\u00f3nico el cual diligenciaste en el formulario la Historia cl\u00ednica y el plan de tratamiento potenciado por IA.\" \/>\n<meta property=\"og:url\" content=\"https:\/\/javiererasoortodoncia.com\/en\/gracias\/\" \/>\n<meta property=\"og:site_name\" content=\"Javier Eraso Ortodoncia\" \/>\n<meta property=\"article:modified_time\" content=\"2024-04-15T14:11:57+00:00\" \/>\n<meta property=\"og:image\" content=\"https:\/\/javiererasoortodoncia.com\/wp-content\/uploads\/2024\/04\/LOGO-HC-DIGITAL.001-e1712333832779.png\" \/>\n<meta name=\"twitter:card\" content=\"summary_large_image\" \/>\n<meta name=\"twitter:label1\" content=\"Est. reading time\" \/>\n\t<meta name=\"twitter:data1\" content=\"1 minute\" \/>\n<script type=\"application\/ld+json\" class=\"yoast-schema-graph\">{\"@context\":\"https:\\\/\\\/schema.org\",\"@graph\":[{\"@type\":\"WebPage\",\"@id\":\"https:\\\/\\\/javiererasoortodoncia.com\\\/gracias\\\/\",\"url\":\"https:\\\/\\\/javiererasoortodoncia.com\\\/gracias\\\/\",\"name\":\"Gracias - Javier Eraso Ortodoncia\",\"isPartOf\":{\"@id\":\"https:\\\/\\\/javiererasoortodoncia.com\\\/#website\"},\"primaryImageOfPage\":{\"@id\":\"https:\\\/\\\/javiererasoortodoncia.com\\\/gracias\\\/#primaryimage\"},\"image\":{\"@id\":\"https:\\\/\\\/javiererasoortodoncia.com\\\/gracias\\\/#primaryimage\"},\"thumbnailUrl\":\"https:\\\/\\\/javiererasoortodoncia.com\\\/wp-content\\\/uploads\\\/2024\\\/04\\\/LOGO-HC-DIGITAL.001-e1712333832779.png\",\"datePublished\":\"2024-04-15T14:11:55+00:00\",\"dateModified\":\"2024-04-15T14:11:57+00:00\",\"breadcrumb\":{\"@id\":\"https:\\\/\\\/javiererasoortodoncia.com\\\/gracias\\\/#breadcrumb\"},\"inLanguage\":\"en-US\",\"potentialAction\":[{\"@type\":\"ReadAction\",\"target\":[\"https:\\\/\\\/javiererasoortodoncia.com\\\/gracias\\\/\"]}]},{\"@type\":\"ImageObject\",\"inLanguage\":\"en-US\",\"@id\":\"https:\\\/\\\/javiererasoortodoncia.com\\\/gracias\\\/#primaryimage\",\"url\":\"https:\\\/\\\/javiererasoortodoncia.com\\\/wp-content\\\/uploads\\\/2024\\\/04\\\/LOGO-HC-DIGITAL.001-e1712333832779.png\",\"contentUrl\":\"https:\\\/\\\/javiererasoortodoncia.com\\\/wp-content\\\/uploads\\\/2024\\\/04\\\/LOGO-HC-DIGITAL.001-e1712333832779.png\"},{\"@type\":\"BreadcrumbList\",\"@id\":\"https:\\\/\\\/javiererasoortodoncia.com\\\/gracias\\\/#breadcrumb\",\"itemListElement\":[{\"@type\":\"ListItem\",\"position\":1,\"name\":\"Portada\",\"item\":\"https:\\\/\\\/javiererasoortodoncia.com\\\/\"},{\"@type\":\"ListItem\",\"position\":2,\"name\":\"Gracias\"}]},{\"@type\":\"WebSite\",\"@id\":\"https:\\\/\\\/javiererasoortodoncia.com\\\/#website\",\"url\":\"https:\\\/\\\/javiererasoortodoncia.com\\\/\",\"name\":\"Javier Eraso Ortodoncia\",\"description\":\"Servicio en Ortodoncia\",\"publisher\":{\"@id\":\"https:\\\/\\\/javiererasoortodoncia.com\\\/#\\\/schema\\\/person\\\/7de0629e5431e09524a338925596a751\"},\"potentialAction\":[{\"@type\":\"SearchAction\",\"target\":{\"@type\":\"EntryPoint\",\"urlTemplate\":\"https:\\\/\\\/javiererasoortodoncia.com\\\/?s={search_term_string}\"},\"query-input\":{\"@type\":\"PropertyValueSpecification\",\"valueRequired\":true,\"valueName\":\"search_term_string\"}}],\"inLanguage\":\"en-US\"},{\"@type\":[\"Person\",\"Organization\"],\"@id\":\"https:\\\/\\\/javiererasoortodoncia.com\\\/#\\\/schema\\\/person\\\/7de0629e5431e09524a338925596a751\",\"name\":\"Javier Eraso\",\"image\":{\"@type\":\"ImageObject\",\"inLanguage\":\"en-US\",\"@id\":\"https:\\\/\\\/javiererasoortodoncia.com\\\/wp-content\\\/uploads\\\/2023\\\/01\\\/cropped-LOGO-DIENTE-512X512-1-2.png\",\"url\":\"https:\\\/\\\/javiererasoortodoncia.com\\\/wp-content\\\/uploads\\\/2023\\\/01\\\/cropped-LOGO-DIENTE-512X512-1-2.png\",\"contentUrl\":\"https:\\\/\\\/javiererasoortodoncia.com\\\/wp-content\\\/uploads\\\/2023\\\/01\\\/cropped-LOGO-DIENTE-512X512-1-2.png\",\"width\":512,\"height\":512,\"caption\":\"Javier Eraso\"},\"logo\":{\"@id\":\"https:\\\/\\\/javiererasoortodoncia.com\\\/wp-content\\\/uploads\\\/2023\\\/01\\\/cropped-LOGO-DIENTE-512X512-1-2.png\"},\"description\":\"Ortodoncista\",\"sameAs\":[\"https:\\\/\\\/javiererasoortodoncia.com\"]}]}<\/script>\n<!-- \/ Yoast SEO plugin. -->","yoast_head_json":{"title":"Gracias - Javier Eraso Ortodoncia","robots":{"index":"index","follow":"follow","max-snippet":"max-snippet:-1","max-image-preview":"max-image-preview:large","max-video-preview":"max-video-preview:-1"},"canonical":"https:\/\/javiererasoortodoncia.com\/en\/gracias\/","og_locale":"en_US","og_type":"article","og_title":"Gracias - Javier Eraso Ortodoncia","og_description":"TU HISTORIA CLINICA A SIDO GUARDADA CON EXITO En un plazo m\u00e1ximo de 24 horas recibir\u00e1s en el correo electr\u00f3nico el cual diligenciaste en el formulario la Historia cl\u00ednica y el plan de tratamiento potenciado por IA.","og_url":"https:\/\/javiererasoortodoncia.com\/en\/gracias\/","og_site_name":"Javier Eraso Ortodoncia","article_modified_time":"2024-04-15T14:11:57+00:00","og_image":[{"url":"https:\/\/javiererasoortodoncia.com\/wp-content\/uploads\/2024\/04\/LOGO-HC-DIGITAL.001-e1712333832779.png","type":"","width":"","height":""}],"twitter_card":"summary_large_image","twitter_misc":{"Est. reading time":"1 minute"},"schema":{"@context":"https:\/\/schema.org","@graph":[{"@type":"WebPage","@id":"https:\/\/javiererasoortodoncia.com\/gracias\/","url":"https:\/\/javiererasoortodoncia.com\/gracias\/","name":"Gracias - Javier Eraso Ortodoncia","isPartOf":{"@id":"https:\/\/javiererasoortodoncia.com\/#website"},"primaryImageOfPage":{"@id":"https:\/\/javiererasoortodoncia.com\/gracias\/#primaryimage"},"image":{"@id":"https:\/\/javiererasoortodoncia.com\/gracias\/#primaryimage"},"thumbnailUrl":"https:\/\/javiererasoortodoncia.com\/wp-content\/uploads\/2024\/04\/LOGO-HC-DIGITAL.001-e1712333832779.png","datePublished":"2024-04-15T14:11:55+00:00","dateModified":"2024-04-15T14:11:57+00:00","breadcrumb":{"@id":"https:\/\/javiererasoortodoncia.com\/gracias\/#breadcrumb"},"inLanguage":"en-US","potentialAction":[{"@type":"ReadAction","target":["https:\/\/javiererasoortodoncia.com\/gracias\/"]}]},{"@type":"ImageObject","inLanguage":"en-US","@id":"https:\/\/javiererasoortodoncia.com\/gracias\/#primaryimage","url":"https:\/\/javiererasoortodoncia.com\/wp-content\/uploads\/2024\/04\/LOGO-HC-DIGITAL.001-e1712333832779.png","contentUrl":"https:\/\/javiererasoortodoncia.com\/wp-content\/uploads\/2024\/04\/LOGO-HC-DIGITAL.001-e1712333832779.png"},{"@type":"BreadcrumbList","@id":"https:\/\/javiererasoortodoncia.com\/gracias\/#breadcrumb","itemListElement":[{"@type":"ListItem","position":1,"name":"Portada","item":"https:\/\/javiererasoortodoncia.com\/"},{"@type":"ListItem","position":2,"name":"Gracias"}]},{"@type":"WebSite","@id":"https:\/\/javiererasoortodoncia.com\/#website","url":"https:\/\/javiererasoortodoncia.com\/","name":"Javier Eraso Ortodoncia","description":"Servicio en Ortodoncia","publisher":{"@id":"https:\/\/javiererasoortodoncia.com\/#\/schema\/person\/7de0629e5431e09524a338925596a751"},"potentialAction":[{"@type":"SearchAction","target":{"@type":"EntryPoint","urlTemplate":"https:\/\/javiererasoortodoncia.com\/?s={search_term_string}"},"query-input":{"@type":"PropertyValueSpecification","valueRequired":true,"valueName":"search_term_string"}}],"inLanguage":"en-US"},{"@type":["Person","Organization"],"@id":"https:\/\/javiererasoortodoncia.com\/#\/schema\/person\/7de0629e5431e09524a338925596a751","name":"Javier Eraso","image":{"@type":"ImageObject","inLanguage":"en-US","@id":"https:\/\/javiererasoortodoncia.com\/wp-content\/uploads\/2023\/01\/cropped-LOGO-DIENTE-512X512-1-2.png","url":"https:\/\/javiererasoortodoncia.com\/wp-content\/uploads\/2023\/01\/cropped-LOGO-DIENTE-512X512-1-2.png","contentUrl":"https:\/\/javiererasoortodoncia.com\/wp-content\/uploads\/2023\/01\/cropped-LOGO-DIENTE-512X512-1-2.png","width":512,"height":512,"caption":"Javier Eraso"},"logo":{"@id":"https:\/\/javiererasoortodoncia.com\/wp-content\/uploads\/2023\/01\/cropped-LOGO-DIENTE-512X512-1-2.png"},"description":"Orthodontist","sameAs":["https:\/\/javiererasoortodoncia.com"]}]}},"_links":{"self":[{"href":"https:\/\/javiererasoortodoncia.com\/en\/wp-json\/wp\/v2\/pages\/2572","targetHints":{"allow":["GET"]}}],"collection":[{"href":"https:\/\/javiererasoortodoncia.com\/en\/wp-json\/wp\/v2\/pages"}],"about":[{"href":"https:\/\/javiererasoortodoncia.com\/en\/wp-json\/wp\/v2\/types\/page"}],"author":[{"embeddable":true,"href":"https:\/\/javiererasoortodoncia.com\/en\/wp-json\/wp\/v2\/users\/1"}],"replies":[{"embeddable":true,"href":"https:\/\/javiererasoortodoncia.com\/en\/wp-json\/wp\/v2\/comments?post=2572"}],"version-history":[{"count":13,"href":"https:\/\/javiererasoortodoncia.com\/en\/wp-json\/wp\/v2\/pages\/2572\/revisions"}],"predecessor-version":[{"id":2590,"href":"https:\/\/javiererasoortodoncia.com\/en\/wp-json\/wp\/v2\/pages\/2572\/revisions\/2590"}],"wp:attachment":[{"href":"https:\/\/javiererasoortodoncia.com\/en\/wp-json\/wp\/v2\/media?parent=2572"}],"curies":[{"name":"wp","href":"https:\/\/api.w.org\/{rel}","templated":true}]}}