{"id":1442,"date":"2025-02-10T16:49:31","date_gmt":"2025-02-10T21:49:31","guid":{"rendered":"https:\/\/javiererasoortodoncia.com\/?page_id=1442"},"modified":"2025-02-10T16:50:29","modified_gmt":"2025-02-10T21:50:29","slug":"ortodoncia-convencional-en-pasto","status":"publish","type":"page","link":"https:\/\/javiererasoortodoncia.com\/en\/ortodoncia-convencional-en-pasto\/","title":{"rendered":"2 Ortodoncia Convencional en Pasto"},"content":{"rendered":"<div data-elementor-type=\"wp-page\" data-elementor-id=\"1442\" class=\"elementor elementor-1442\" data-elementor-post-type=\"page\">\n\t\t\t\t\t\t<section class=\"elementor-section elementor-top-section elementor-element elementor-element-d0a34e9 elementor-section-full_width elementor-section-height-min-height elementor-section-height-default elementor-section-items-middle\" data-id=\"d0a34e9\" data-element_type=\"section\" data-e-type=\"section\" data-settings=\"{&quot;background_background&quot;:&quot;classic&quot;}\">\n\t\t\t\t\t\t<div class=\"elementor-container elementor-column-gap-default\">\n\t\t\t\t\t<div class=\"elementor-column elementor-col-100 elementor-top-column elementor-element elementor-element-a424a82\" data-id=\"a424a82\" data-element_type=\"column\" data-e-type=\"column\">\n\t\t\t<div class=\"elementor-widget-wrap elementor-element-populated\">\n\t\t\t\t\t\t<div class=\"elementor-element elementor-element-96e8eff elementor-widget elementor-widget-heading\" data-id=\"96e8eff\" data-element_type=\"widget\" data-e-type=\"widget\" data-widget_type=\"heading.default\">\n\t\t\t\t<div class=\"elementor-widget-container\">\n\t\t\t\t\t<h2 class=\"elementor-heading-title elementor-size-default\">ORTODONCIA \nCONVENCIONAL<\/h2>\t\t\t\t<\/div>\n\t\t\t\t<\/div>\n\t\t\t\t\t<\/div>\n\t\t<\/div>\n\t\t\t\t\t<\/div>\n\t\t<\/section>\n\t\t\t\t<section class=\"elementor-section elementor-top-section elementor-element elementor-element-4d91e20 elementor-section-boxed elementor-section-height-default elementor-section-height-default\" data-id=\"4d91e20\" data-element_type=\"section\" data-e-type=\"section\">\n\t\t\t\t\t\t<div class=\"elementor-container elementor-column-gap-default\">\n\t\t\t\t\t<div class=\"elementor-column elementor-col-100 elementor-top-column elementor-element elementor-element-466df5d\" data-id=\"466df5d\" data-element_type=\"column\" data-e-type=\"column\">\n\t\t\t<div class=\"elementor-widget-wrap elementor-element-populated\">\n\t\t\t\t\t\t<div class=\"elementor-element elementor-element-e04a53d elementor-widget elementor-widget-text-editor\" data-id=\"e04a53d\" data-element_type=\"widget\" data-e-type=\"widget\" data-widget_type=\"text-editor.default\">\n\t\t\t\t<div class=\"elementor-widget-container\">\n\t\t\t\t\t\t\t\t\t<p>Este tipo de brackets sostiene el alambre al diente por medio de una ligadura elastom\u00e9rica, elastie o como muchos los conocen &#8220;cauchitos de colores&#8221;. Esta indicado en la mayor\u00eda de casos desde ni\u00f1os hasta adultos. Su resistencia a la fractura y estabilidad\u00a0 son los puntos a favor de este tipo de brackets. Por el contrario por la forma en que se ligan generan mucha fricci\u00f3n y debido a su morfolog\u00eda pueden generar molestias.<\/p>\t\t\t\t\t\t\t\t<\/div>\n\t\t\t\t<\/div>\n\t\t\t\t\t<\/div>\n\t\t<\/div>\n\t\t\t\t\t<\/div>\n\t\t<\/section>\n\t\t\t\t<section class=\"elementor-section elementor-top-section elementor-element elementor-element-f5136c3 elementor-section-boxed elementor-section-height-default elementor-section-height-default\" data-id=\"f5136c3\" data-element_type=\"section\" data-e-type=\"section\">\n\t\t\t\t\t\t<div class=\"elementor-container elementor-column-gap-default\">\n\t\t\t\t\t<div class=\"elementor-column elementor-col-50 elementor-top-column elementor-element elementor-element-c278624\" data-id=\"c278624\" data-element_type=\"column\" data-e-type=\"column\">\n\t\t\t<div class=\"elementor-widget-wrap elementor-element-populated\">\n\t\t\t\t\t\t<div class=\"elementor-element elementor-element-5e5a80d elementor-widget elementor-widget-heading\" data-id=\"5e5a80d\" data-element_type=\"widget\" data-e-type=\"widget\" data-widget_type=\"heading.default\">\n\t\t\t\t<div class=\"elementor-widget-container\">\n\t\t\t\t\t<h3 class=\"elementor-heading-title elementor-size-default\">Clases de Brackets Met\u00e1licos Tradicionales: <\/h3>\t\t\t\t<\/div>\n\t\t\t\t<\/div>\n\t\t\t\t<div class=\"elementor-element elementor-element-00ead93 elementor-widget elementor-widget-text-editor\" data-id=\"00ead93\" data-element_type=\"widget\" data-e-type=\"widget\" data-widget_type=\"text-editor.default\">\n\t\t\t\t<div class=\"elementor-widget-container\">\n\t\t\t\t\t\t\t\t\t<p style=\"text-align: center;\">Estos brackets cl\u00e1sicos son resistentes y eficientes. Adem\u00e1s, son m\u00e1s asequibles que otras opciones. Son ideales para pacientes de todas las edades y ofrecen resultados notorios.<\/p>\t\t\t\t\t\t\t\t<\/div>\n\t\t\t\t<\/div>\n\t\t\t\t\t<\/div>\n\t\t<\/div>\n\t\t\t\t<div class=\"elementor-column elementor-col-50 elementor-top-column elementor-element elementor-element-ab1f61e\" data-id=\"ab1f61e\" data-element_type=\"column\" data-e-type=\"column\" data-settings=\"{&quot;background_background&quot;:&quot;classic&quot;}\">\n\t\t\t<div class=\"elementor-widget-wrap\">\n\t\t\t\t\t\t\t<\/div>\n\t\t<\/div>\n\t\t\t\t\t<\/div>\n\t\t<\/section>\n\t\t\t\t<section class=\"elementor-section elementor-top-section elementor-element elementor-element-59299a4 elementor-section-boxed elementor-section-height-default elementor-section-height-default\" data-id=\"59299a4\" data-element_type=\"section\" data-e-type=\"section\">\n\t\t\t\t\t\t<div class=\"elementor-container elementor-column-gap-default\">\n\t\t\t\t\t<div class=\"elementor-column elementor-col-50 elementor-top-column elementor-element elementor-element-f6b683c\" data-id=\"f6b683c\" data-element_type=\"column\" data-e-type=\"column\">\n\t\t\t<div class=\"elementor-widget-wrap elementor-element-populated\">\n\t\t\t\t\t\t<div class=\"elementor-element elementor-element-1e78276 elementor-widget elementor-widget-heading\" data-id=\"1e78276\" data-element_type=\"widget\" data-e-type=\"widget\" data-widget_type=\"heading.default\">\n\t\t\t\t<div class=\"elementor-widget-container\">\n\t\t\t\t\t<h3 class=\"elementor-heading-title elementor-size-default\">Brackets Cer\u00e1micos o Porcelana: <\/h3>\t\t\t\t<\/div>\n\t\t\t\t<\/div>\n\t\t\t\t<div class=\"elementor-element elementor-element-711a413 elementor-widget elementor-widget-text-editor\" data-id=\"711a413\" data-element_type=\"widget\" data-e-type=\"widget\" data-widget_type=\"text-editor.default\">\n\t\t\t\t<div class=\"elementor-widget-container\">\n\t\t\t\t\t\t\t\t\t<p style=\"text-align: center;\">Si buscas una alternativa discreta, los brackets de cer\u00e1mica son una excelente elecci\u00f3n. Se mimetizan con el color natural de tus dientes, haci\u00e9ndolos menos visibles. Son casi igual de efectivos que los met\u00e1licos, pero pueden mancharse y fracturarse si no los cuidas adecuadamente.<\/p>\t\t\t\t\t\t\t\t<\/div>\n\t\t\t\t<\/div>\n\t\t\t\t\t<\/div>\n\t\t<\/div>\n\t\t\t\t<div class=\"elementor-column elementor-col-50 elementor-top-column elementor-element elementor-element-57da9e7\" data-id=\"57da9e7\" data-element_type=\"column\" data-e-type=\"column\" data-settings=\"{&quot;background_background&quot;:&quot;classic&quot;}\">\n\t\t\t<div class=\"elementor-widget-wrap\">\n\t\t\t\t\t\t\t<\/div>\n\t\t<\/div>\n\t\t\t\t\t<\/div>\n\t\t<\/section>\n\t\t\t\t<section class=\"elementor-section elementor-top-section elementor-element elementor-element-dc50e80 elementor-section-boxed elementor-section-height-default elementor-section-height-default\" data-id=\"dc50e80\" data-element_type=\"section\" data-e-type=\"section\">\n\t\t\t\t\t\t<div class=\"elementor-container elementor-column-gap-default\">\n\t\t\t\t\t<div class=\"elementor-column elementor-col-50 elementor-top-column elementor-element elementor-element-71a7603\" data-id=\"71a7603\" data-element_type=\"column\" data-e-type=\"column\">\n\t\t\t<div class=\"elementor-widget-wrap elementor-element-populated\">\n\t\t\t\t\t\t<div class=\"elementor-element elementor-element-1414057 elementor-widget elementor-widget-heading\" data-id=\"1414057\" data-element_type=\"widget\" data-e-type=\"widget\" data-widget_type=\"heading.default\">\n\t\t\t\t<div class=\"elementor-widget-container\">\n\t\t\t\t\t<h3 class=\"elementor-heading-title elementor-size-default\">Brackets de Zafiro: <\/h3>\t\t\t\t<\/div>\n\t\t\t\t<\/div>\n\t\t\t\t<div class=\"elementor-element elementor-element-a6653d8 elementor-widget elementor-widget-text-editor\" data-id=\"a6653d8\" data-element_type=\"widget\" data-e-type=\"widget\" data-widget_type=\"text-editor.default\">\n\t\t\t\t<div class=\"elementor-widget-container\">\n\t\t\t\t\t\t\t\t\t<p style=\"text-align: center;\">Estos brackets son pr\u00e1cticamente invisibles, convirti\u00e9ndolos en una opci\u00f3n muy popular entre adultos que buscan un tratamiento discreto. Son resistentes a las fracturas y a las manchas. Ofreciendo un rendimiento confiable a lo largo del tratamiento.<\/p>\t\t\t\t\t\t\t\t<\/div>\n\t\t\t\t<\/div>\n\t\t\t\t\t<\/div>\n\t\t<\/div>\n\t\t\t\t<div class=\"elementor-column elementor-col-50 elementor-top-column elementor-element elementor-element-efbcceb\" data-id=\"efbcceb\" data-element_type=\"column\" data-e-type=\"column\" data-settings=\"{&quot;background_background&quot;:&quot;classic&quot;}\">\n\t\t\t<div class=\"elementor-widget-wrap\">\n\t\t\t\t\t\t\t<\/div>\n\t\t<\/div>\n\t\t\t\t\t<\/div>\n\t\t<\/section>\n\t\t\t\t<section class=\"elementor-section elementor-top-section elementor-element elementor-element-ec699d3 elementor-section-boxed elementor-section-height-default elementor-section-height-default\" data-id=\"ec699d3\" data-element_type=\"section\" data-e-type=\"section\">\n\t\t\t\t\t\t<div class=\"elementor-container elementor-column-gap-default\">\n\t\t\t\t\t<div class=\"elementor-column elementor-col-100 elementor-top-column elementor-element elementor-element-6079104\" data-id=\"6079104\" data-element_type=\"column\" data-e-type=\"column\">\n\t\t\t<div class=\"elementor-widget-wrap elementor-element-populated\">\n\t\t\t\t\t\t<div class=\"elementor-element elementor-element-ada6420 elementor-invisible elementor-widget elementor-widget-heading\" data-id=\"ada6420\" data-element_type=\"widget\" data-e-type=\"widget\" data-settings=\"{&quot;_animation&quot;:&quot;fadeIn&quot;,&quot;_animation_delay&quot;:100}\" data-widget_type=\"heading.default\">\n\t\t\t\t<div class=\"elementor-widget-container\">\n\t\t\t\t\t<h2 class=\"elementor-heading-title elementor-size-default\">Quieres para ti este tipo de ortodoncia, escr\u00edbenos<\/h2>\t\t\t\t<\/div>\n\t\t\t\t<\/div>\n\t\t\t\t<div class=\"elementor-element elementor-element-4cf5f54 elementor-align-center elementor-widget elementor-widget-button\" data-id=\"4cf5f54\" data-element_type=\"widget\" data-e-type=\"widget\" data-widget_type=\"button.default\">\n\t\t\t\t<div class=\"elementor-widget-container\">\n\t\t\t\t\t\t\t\t\t<div class=\"elementor-button-wrapper\">\n\t\t\t\t\t<a class=\"elementor-button elementor-button-link elementor-size-sm\" href=\"https:\/\/wa.me\/573113475070?text=\u00a1Hola!%20Estoy%20interesado(a)%20en%20iniciar%20un%20tratamiento%20con%20ustedes\" target=\"_blank\">\n\t\t\t\t\t\t<span class=\"elementor-button-content-wrapper\">\n\t\t\t\t\t\t\t\t\t<span class=\"elementor-button-text\">QUIERO UNA CITA<\/span>\n\t\t\t\t\t<\/span>\n\t\t\t\t\t<\/a>\n\t\t\t\t<\/div>\n\t\t\t\t\t\t\t\t<\/div>\n\t\t\t\t<\/div>\n\t\t\t\t\t<\/div>\n\t\t<\/div>\n\t\t\t\t\t<\/div>\n\t\t<\/section>\n\t\t\t\t<\/div>","protected":false},"excerpt":{"rendered":"<p>ORTODONCIA CONVENCIONAL Este tipo de brackets sostiene el alambre al diente por medio de una ligadura elastom\u00e9rica, elastie o como muchos los conocen &#8220;cauchitos de colores&#8221;. Esta indicado en la mayor\u00eda de casos desde ni\u00f1os hasta adultos. Su resistencia a la fractura y estabilidad\u00a0 son los puntos a favor de este tipo de brackets. Por [&hellip;]<\/p>\n","protected":false},"author":1,"featured_media":0,"parent":0,"menu_order":0,"comment_status":"closed","ping_status":"closed","template":"elementor_header_footer","meta":{"site-sidebar-layout":"no-sidebar","site-content-layout":"page-builder","ast-site-content-layout":"default","site-content-style":"default","site-sidebar-style":"default","ast-global-header-display":"","ast-banner-title-visibility":"","ast-main-header-display":"","ast-hfb-above-header-display":"","ast-hfb-below-header-display":"","ast-hfb-mobile-header-display":"","site-post-title":"disabled","ast-breadcrumbs-content":"","ast-featured-img":"disabled","footer-sml-layout":"","ast-disable-related-posts":"","theme-transparent-header-meta":"","adv-header-id-meta":"","stick-header-meta":"","header-above-stick-meta":"","header-main-stick-meta":"","header-below-stick-meta":"","astra-migrate-meta-layouts":"set","ast-page-background-enabled":"default","ast-page-background-meta":{"desktop":{"background-color":"var(--ast-global-color-4)","background-image":"","background-repeat":"repeat","background-position":"center center","background-size":"auto","background-attachment":"scroll","background-type":"","background-media":"","overlay-type":"","overlay-color":"","overlay-opacity":"","overlay-gradient":""},"tablet":{"background-color":"","background-image":"","background-repeat":"repeat","background-position":"center center","background-size":"auto","background-attachment":"scroll","background-type":"","background-media":"","overlay-type":"","overlay-color":"","overlay-opacity":"","overlay-gradient":""},"mobile":{"background-color":"","background-image":"","background-repeat":"repeat","background-position":"center center","background-size":"auto","background-attachment":"scroll","background-type":"","background-media":"","overlay-type":"","overlay-color":"","overlay-opacity":"","overlay-gradient":""}},"ast-content-background-meta":{"desktop":{"background-color":"var(--ast-global-color-5)","background-image":"","background-repeat":"repeat","background-position":"center center","background-size":"auto","background-attachment":"scroll","background-type":"","background-media":"","overlay-type":"","overlay-color":"","overlay-opacity":"","overlay-gradient":""},"tablet":{"background-color":"var(--ast-global-color-5)","background-image":"","background-repeat":"repeat","background-position":"center center","background-size":"auto","background-attachment":"scroll","background-type":"","background-media":"","overlay-type":"","overlay-color":"","overlay-opacity":"","overlay-gradient":""},"mobile":{"background-color":"var(--ast-global-color-5)","background-image":"","background-repeat":"repeat","background-position":"center center","background-size":"auto","background-attachment":"scroll","background-type":"","background-media":"","overlay-type":"","overlay-color":"","overlay-opacity":"","overlay-gradient":""}},"footnotes":""},"class_list":["post-1442","page","type-page","status-publish","hentry"],"yoast_head":"<!-- This site is optimized with the Yoast SEO plugin v27.6 - https:\/\/yoast.com\/product\/yoast-seo-wordpress\/ -->\n<title>Ortodoncia Convencional en Pasto - \u00bfNo se que bracket escoger?<\/title>\n<meta name=\"description\" content=\"Manejamos los mejores brackets convencionales del mercado. Contamos con la mejor ortodoncia convencional de Pasto. \u00a1Agenda tu cita Hoy!\" \/>\n<meta name=\"robots\" content=\"index, follow, max-snippet:-1, max-image-preview:large, max-video-preview:-1\" \/>\n<link rel=\"canonical\" href=\"https:\/\/javiererasoortodoncia.com\/en\/ortodoncia-convencional-en-pasto\/\" \/>\n<meta property=\"og:locale\" content=\"en_US\" \/>\n<meta property=\"og:type\" content=\"article\" \/>\n<meta property=\"og:title\" content=\"Ortodoncia Convencional en Pasto - \u00bfNo se que bracket escoger?\" \/>\n<meta property=\"og:description\" content=\"Manejamos los mejores brackets convencionales del mercado. Contamos con la mejor ortodoncia convencional de Pasto. \u00a1Agenda tu cita Hoy!\" \/>\n<meta property=\"og:url\" content=\"https:\/\/javiererasoortodoncia.com\/en\/ortodoncia-convencional-en-pasto\/\" \/>\n<meta property=\"og:site_name\" content=\"Javier Eraso Ortodoncia\" \/>\n<meta property=\"article:modified_time\" content=\"2025-02-10T21:50:29+00:00\" \/>\n<meta name=\"twitter:card\" content=\"summary_large_image\" \/>\n<meta name=\"twitter:label1\" content=\"Est. reading time\" \/>\n\t<meta name=\"twitter:data1\" content=\"1 minute\" \/>\n<script type=\"application\/ld+json\" class=\"yoast-schema-graph\">{\"@context\":\"https:\\\/\\\/schema.org\",\"@graph\":[{\"@type\":\"WebPage\",\"@id\":\"https:\\\/\\\/javiererasoortodoncia.com\\\/ortodoncia-convencional-en-pasto\\\/\",\"url\":\"https:\\\/\\\/javiererasoortodoncia.com\\\/ortodoncia-convencional-en-pasto\\\/\",\"name\":\"Ortodoncia Convencional en Pasto - \u00bfNo se que bracket escoger?\",\"isPartOf\":{\"@id\":\"https:\\\/\\\/javiererasoortodoncia.com\\\/#website\"},\"datePublished\":\"2025-02-10T21:49:31+00:00\",\"dateModified\":\"2025-02-10T21:50:29+00:00\",\"description\":\"Manejamos los mejores brackets convencionales del mercado. Contamos con la mejor ortodoncia convencional de Pasto. \u00a1Agenda tu cita Hoy!\",\"breadcrumb\":{\"@id\":\"https:\\\/\\\/javiererasoortodoncia.com\\\/ortodoncia-convencional-en-pasto\\\/#breadcrumb\"},\"inLanguage\":\"en-US\",\"potentialAction\":[{\"@type\":\"ReadAction\",\"target\":[\"https:\\\/\\\/javiererasoortodoncia.com\\\/ortodoncia-convencional-en-pasto\\\/\"]}]},{\"@type\":\"BreadcrumbList\",\"@id\":\"https:\\\/\\\/javiererasoortodoncia.com\\\/ortodoncia-convencional-en-pasto\\\/#breadcrumb\",\"itemListElement\":[{\"@type\":\"ListItem\",\"position\":1,\"name\":\"Portada\",\"item\":\"https:\\\/\\\/javiererasoortodoncia.com\\\/\"},{\"@type\":\"ListItem\",\"position\":2,\"name\":\"2 Ortodoncia Convencional en Pasto\"}]},{\"@type\":\"WebSite\",\"@id\":\"https:\\\/\\\/javiererasoortodoncia.com\\\/#website\",\"url\":\"https:\\\/\\\/javiererasoortodoncia.com\\\/\",\"name\":\"Javier Eraso Ortodoncia\",\"description\":\"Servicio en Ortodoncia\",\"publisher\":{\"@id\":\"https:\\\/\\\/javiererasoortodoncia.com\\\/#\\\/schema\\\/person\\\/7de0629e5431e09524a338925596a751\"},\"potentialAction\":[{\"@type\":\"SearchAction\",\"target\":{\"@type\":\"EntryPoint\",\"urlTemplate\":\"https:\\\/\\\/javiererasoortodoncia.com\\\/?s={search_term_string}\"},\"query-input\":{\"@type\":\"PropertyValueSpecification\",\"valueRequired\":true,\"valueName\":\"search_term_string\"}}],\"inLanguage\":\"en-US\"},{\"@type\":[\"Person\",\"Organization\"],\"@id\":\"https:\\\/\\\/javiererasoortodoncia.com\\\/#\\\/schema\\\/person\\\/7de0629e5431e09524a338925596a751\",\"name\":\"Javier Eraso\",\"image\":{\"@type\":\"ImageObject\",\"inLanguage\":\"en-US\",\"@id\":\"https:\\\/\\\/javiererasoortodoncia.com\\\/wp-content\\\/uploads\\\/2023\\\/01\\\/cropped-LOGO-DIENTE-512X512-1-2.png\",\"url\":\"https:\\\/\\\/javiererasoortodoncia.com\\\/wp-content\\\/uploads\\\/2023\\\/01\\\/cropped-LOGO-DIENTE-512X512-1-2.png\",\"contentUrl\":\"https:\\\/\\\/javiererasoortodoncia.com\\\/wp-content\\\/uploads\\\/2023\\\/01\\\/cropped-LOGO-DIENTE-512X512-1-2.png\",\"width\":512,\"height\":512,\"caption\":\"Javier Eraso\"},\"logo\":{\"@id\":\"https:\\\/\\\/javiererasoortodoncia.com\\\/wp-content\\\/uploads\\\/2023\\\/01\\\/cropped-LOGO-DIENTE-512X512-1-2.png\"},\"description\":\"Ortodoncista\",\"sameAs\":[\"https:\\\/\\\/javiererasoortodoncia.com\"]}]}<\/script>\n<!-- \/ Yoast SEO plugin. -->","yoast_head_json":{"title":"Ortodoncia Convencional en Pasto - \u00bfNo se que bracket escoger?","description":"Manejamos los mejores brackets convencionales del mercado. Contamos con la mejor ortodoncia convencional de Pasto. \u00a1Agenda tu cita Hoy!","robots":{"index":"index","follow":"follow","max-snippet":"max-snippet:-1","max-image-preview":"max-image-preview:large","max-video-preview":"max-video-preview:-1"},"canonical":"https:\/\/javiererasoortodoncia.com\/en\/ortodoncia-convencional-en-pasto\/","og_locale":"en_US","og_type":"article","og_title":"Ortodoncia Convencional en Pasto - \u00bfNo se que bracket escoger?","og_description":"Manejamos los mejores brackets convencionales del mercado. Contamos con la mejor ortodoncia convencional de Pasto. \u00a1Agenda tu cita Hoy!","og_url":"https:\/\/javiererasoortodoncia.com\/en\/ortodoncia-convencional-en-pasto\/","og_site_name":"Javier Eraso Ortodoncia","article_modified_time":"2025-02-10T21:50:29+00:00","twitter_card":"summary_large_image","twitter_misc":{"Est. reading time":"1 minute"},"schema":{"@context":"https:\/\/schema.org","@graph":[{"@type":"WebPage","@id":"https:\/\/javiererasoortodoncia.com\/ortodoncia-convencional-en-pasto\/","url":"https:\/\/javiererasoortodoncia.com\/ortodoncia-convencional-en-pasto\/","name":"Ortodoncia Convencional en Pasto - \u00bfNo se que bracket escoger?","isPartOf":{"@id":"https:\/\/javiererasoortodoncia.com\/#website"},"datePublished":"2025-02-10T21:49:31+00:00","dateModified":"2025-02-10T21:50:29+00:00","description":"Manejamos los mejores brackets convencionales del mercado. Contamos con la mejor ortodoncia convencional de Pasto. \u00a1Agenda tu cita Hoy!","breadcrumb":{"@id":"https:\/\/javiererasoortodoncia.com\/ortodoncia-convencional-en-pasto\/#breadcrumb"},"inLanguage":"en-US","potentialAction":[{"@type":"ReadAction","target":["https:\/\/javiererasoortodoncia.com\/ortodoncia-convencional-en-pasto\/"]}]},{"@type":"BreadcrumbList","@id":"https:\/\/javiererasoortodoncia.com\/ortodoncia-convencional-en-pasto\/#breadcrumb","itemListElement":[{"@type":"ListItem","position":1,"name":"Portada","item":"https:\/\/javiererasoortodoncia.com\/"},{"@type":"ListItem","position":2,"name":"2 Ortodoncia Convencional en Pasto"}]},{"@type":"WebSite","@id":"https:\/\/javiererasoortodoncia.com\/#website","url":"https:\/\/javiererasoortodoncia.com\/","name":"Javier Eraso Ortodoncia","description":"Servicio en Ortodoncia","publisher":{"@id":"https:\/\/javiererasoortodoncia.com\/#\/schema\/person\/7de0629e5431e09524a338925596a751"},"potentialAction":[{"@type":"SearchAction","target":{"@type":"EntryPoint","urlTemplate":"https:\/\/javiererasoortodoncia.com\/?s={search_term_string}"},"query-input":{"@type":"PropertyValueSpecification","valueRequired":true,"valueName":"search_term_string"}}],"inLanguage":"en-US"},{"@type":["Person","Organization"],"@id":"https:\/\/javiererasoortodoncia.com\/#\/schema\/person\/7de0629e5431e09524a338925596a751","name":"Javier Eraso","image":{"@type":"ImageObject","inLanguage":"en-US","@id":"https:\/\/javiererasoortodoncia.com\/wp-content\/uploads\/2023\/01\/cropped-LOGO-DIENTE-512X512-1-2.png","url":"https:\/\/javiererasoortodoncia.com\/wp-content\/uploads\/2023\/01\/cropped-LOGO-DIENTE-512X512-1-2.png","contentUrl":"https:\/\/javiererasoortodoncia.com\/wp-content\/uploads\/2023\/01\/cropped-LOGO-DIENTE-512X512-1-2.png","width":512,"height":512,"caption":"Javier Eraso"},"logo":{"@id":"https:\/\/javiererasoortodoncia.com\/wp-content\/uploads\/2023\/01\/cropped-LOGO-DIENTE-512X512-1-2.png"},"description":"Orthodontist","sameAs":["https:\/\/javiererasoortodoncia.com"]}]}},"_links":{"self":[{"href":"https:\/\/javiererasoortodoncia.com\/en\/wp-json\/wp\/v2\/pages\/1442","targetHints":{"allow":["GET"]}}],"collection":[{"href":"https:\/\/javiererasoortodoncia.com\/en\/wp-json\/wp\/v2\/pages"}],"about":[{"href":"https:\/\/javiererasoortodoncia.com\/en\/wp-json\/wp\/v2\/types\/page"}],"author":[{"embeddable":true,"href":"https:\/\/javiererasoortodoncia.com\/en\/wp-json\/wp\/v2\/users\/1"}],"replies":[{"embeddable":true,"href":"https:\/\/javiererasoortodoncia.com\/en\/wp-json\/wp\/v2\/comments?post=1442"}],"version-history":[{"count":50,"href":"https:\/\/javiererasoortodoncia.com\/en\/wp-json\/wp\/v2\/pages\/1442\/revisions"}],"predecessor-version":[{"id":5046,"href":"https:\/\/javiererasoortodoncia.com\/en\/wp-json\/wp\/v2\/pages\/1442\/revisions\/5046"}],"wp:attachment":[{"href":"https:\/\/javiererasoortodoncia.com\/en\/wp-json\/wp\/v2\/media?parent=1442"}],"curies":[{"name":"wp","href":"https:\/\/api.w.org\/{rel}","templated":true}]}}